{"id":462,"date":"2024-10-14T16:22:04","date_gmt":"2024-10-14T19:22:04","guid":{"rendered":"https:\/\/gabriellampert.com.br\/?page_id=462"},"modified":"2024-10-14T16:22:25","modified_gmt":"2024-10-14T19:22:25","slug":"como-funciona","status":"publish","type":"page","link":"https:\/\/gabriellampert.com.br\/?page_id=462","title":{"rendered":"Como funciona?"},"content":{"rendered":"\t\t<div data-elementor-type=\"wp-page\" data-elementor-id=\"462\" class=\"elementor elementor-462\" data-elementor-post-type=\"page\">\n\t\t\t\t<div class=\"elementor-element elementor-element-505136f4 e-flex e-con-boxed e-con e-parent\" data-id=\"505136f4\" data-element_type=\"container\" data-settings=\"{&quot;background_background&quot;:&quot;classic&quot;}\">\n\t\t\t\t\t<div class=\"e-con-inner\">\n\t\t<div class=\"elementor-element elementor-element-5b62cf79 e-con-full e-flex elementor-invisible e-con e-child\" data-id=\"5b62cf79\" data-element_type=\"container\" data-settings=\"{&quot;animation&quot;:&quot;slideInLeft&quot;}\">\n\t\t\t\t<div class=\"elementor-element elementor-element-66fd7e82 elementor-widget__width-initial elementor-widget elementor-widget-image\" data-id=\"66fd7e82\" data-element_type=\"widget\" data-widget_type=\"image.default\">\n\t\t\t\t<div class=\"elementor-widget-container\">\n\t\t\t\t\t\t\t\t\t\t\t\t\t\t\t<img fetchpriority=\"high\" decoding=\"async\" width=\"2000\" height=\"2000\" src=\"https:\/\/gabriellampert.com.br\/wp-content\/uploads\/2024\/09\/gabriel-2-1.png\" class=\"elementor-animation-push attachment-2048x2048 size-2048x2048 wp-image-265\" alt=\"\" srcset=\"https:\/\/gabriellampert.com.br\/wp-content\/uploads\/2024\/09\/gabriel-2-1.png 2000w, https:\/\/gabriellampert.com.br\/wp-content\/uploads\/2024\/09\/gabriel-2-1-300x300.png 300w, https:\/\/gabriellampert.com.br\/wp-content\/uploads\/2024\/09\/gabriel-2-1-1024x1024.png 1024w, https:\/\/gabriellampert.com.br\/wp-content\/uploads\/2024\/09\/gabriel-2-1-150x150.png 150w, https:\/\/gabriellampert.com.br\/wp-content\/uploads\/2024\/09\/gabriel-2-1-768x768.png 768w, https:\/\/gabriellampert.com.br\/wp-content\/uploads\/2024\/09\/gabriel-2-1-1536x1536.png 1536w\" sizes=\"(max-width: 2000px) 100vw, 2000px\" \/>\t\t\t\t\t\t\t\t\t\t\t\t\t\t\t<\/div>\n\t\t\t\t<\/div>\n\t\t\t\t<\/div>\n\t\t<div class=\"elementor-element elementor-element-38b0dad3 e-con-full e-flex elementor-invisible e-con e-child\" data-id=\"38b0dad3\" data-element_type=\"container\" data-settings=\"{&quot;animation&quot;:&quot;slideInRight&quot;}\">\n\t\t\t\t<div class=\"elementor-element elementor-element-57c2b4fb elementor-widget elementor-widget-heading\" data-id=\"57c2b4fb\" data-element_type=\"widget\" data-widget_type=\"heading.default\">\n\t\t\t\t<div class=\"elementor-widget-container\">\n\t\t\t\t\t<h2 class=\"elementor-heading-title elementor-size-default\">Como funciona e para quem \u00e9 indicada?<\/h2>\t\t\t\t<\/div>\n\t\t\t\t<\/div>\n\t\t<div class=\"elementor-element elementor-element-619a4ca5 e-flex e-con-boxed e-con e-child\" data-id=\"619a4ca5\" data-element_type=\"container\" data-settings=\"{&quot;background_background&quot;:&quot;gradient&quot;}\">\n\t\t\t\t\t<div class=\"e-con-inner\">\n\t\t\t\t<div class=\"elementor-element elementor-element-9c7e28 elementor-align-left elementor-icon-list--layout-traditional elementor-list-item-link-full_width elementor-widget elementor-widget-icon-list\" data-id=\"9c7e28\" data-element_type=\"widget\" data-widget_type=\"icon-list.default\">\n\t\t\t\t<div class=\"elementor-widget-container\">\n\t\t\t\t\t\t\t<ul class=\"elementor-icon-list-items\">\n\t\t\t\t\t\t\t<li class=\"elementor-icon-list-item\">\n\t\t\t\t\t\t\t\t\t\t\t<span class=\"elementor-icon-list-icon\">\n\t\t\t\t\t\t\t<i aria-hidden=\"true\" class=\"lnr lnr-chevron-right\"><\/i>\t\t\t\t\t\t<\/span>\n\t\t\t\t\t\t\t\t\t\t<span class=\"elementor-icon-list-text\">Se voc\u00ea quer melhorar sua qualidade de vida, aumentar sua confian\u00e7a e criar mudan\u00e7as duradouras, a TBE \u00e9 para voc\u00ea. Esse m\u00e9todo \u00e9 ideal para quem busca uma abordagem pr\u00e1tica e orientada por resultados para lidar com os desafios di\u00e1rios.<\/span>\n\t\t\t\t\t\t\t\t\t<\/li>\n\t\t\t\t\t\t<\/ul>\n\t\t\t\t\t\t<\/div>\n\t\t\t\t<\/div>\n\t\t\t\t\t<\/div>\n\t\t\t\t<\/div>\n\t\t\t\t<div class=\"elementor-element elementor-element-3eb5cb31 elementor-mobile-align-center elementor-widget elementor-widget-button\" data-id=\"3eb5cb31\" data-element_type=\"widget\" data-widget_type=\"button.default\">\n\t\t\t\t<div class=\"elementor-widget-container\">\n\t\t\t\t\t\t\t\t\t<div class=\"elementor-button-wrapper\">\n\t\t\t\t\t<a class=\"elementor-button elementor-button-link elementor-size-sm elementor-animation-pop\" href=\"https:\/\/api.whatsapp.com\/send?phone=5551980261983\">\n\t\t\t\t\t\t<span class=\"elementor-button-content-wrapper\">\n\t\t\t\t\t\t\t\t\t<span class=\"elementor-button-text\">Quero saber mais<\/span>\n\t\t\t\t\t<\/span>\n\t\t\t\t\t<\/a>\n\t\t\t\t<\/div>\n\t\t\t\t\t\t\t\t<\/div>\n\t\t\t\t<\/div>\n\t\t\t\t<\/div>\n\t\t\t\t\t<\/div>\n\t\t\t\t<\/div>\n\t\t\t\t<\/div>\n\t\t","protected":false},"excerpt":{"rendered":"<p>Como funciona e para quem \u00e9 indicada? Se voc\u00ea quer melhorar sua qualidade de vida, aumentar sua confian\u00e7a e criar mudan\u00e7as duradouras, a TBE \u00e9 para voc\u00ea. Esse m\u00e9todo \u00e9 ideal para quem busca uma abordagem pr\u00e1tica e orientada por resultados para lidar com os desafios di\u00e1rios. Quero saber mais<\/p>\n","protected":false},"author":1,"featured_media":0,"parent":0,"menu_order":0,"comment_status":"closed","ping_status":"closed","template":"","meta":{"footnotes":""},"class_list":["post-462","page","type-page","status-publish","hentry"],"_links":{"self":[{"href":"https:\/\/gabriellampert.com.br\/index.php?rest_route=\/wp\/v2\/pages\/462"}],"collection":[{"href":"https:\/\/gabriellampert.com.br\/index.php?rest_route=\/wp\/v2\/pages"}],"about":[{"href":"https:\/\/gabriellampert.com.br\/index.php?rest_route=\/wp\/v2\/types\/page"}],"author":[{"embeddable":true,"href":"https:\/\/gabriellampert.com.br\/index.php?rest_route=\/wp\/v2\/users\/1"}],"replies":[{"embeddable":true,"href":"https:\/\/gabriellampert.com.br\/index.php?rest_route=%2Fwp%2Fv2%2Fcomments&post=462"}],"version-history":[{"count":4,"href":"https:\/\/gabriellampert.com.br\/index.php?rest_route=\/wp\/v2\/pages\/462\/revisions"}],"predecessor-version":[{"id":468,"href":"https:\/\/gabriellampert.com.br\/index.php?rest_route=\/wp\/v2\/pages\/462\/revisions\/468"}],"wp:attachment":[{"href":"https:\/\/gabriellampert.com.br\/index.php?rest_route=%2Fwp%2Fv2%2Fmedia&parent=462"}],"curies":[{"name":"wp","href":"https:\/\/api.w.org\/{rel}","templated":true}]}}