{"id":253,"date":"2024-09-30T10:39:47","date_gmt":"2024-09-30T13:39:47","guid":{"rendered":"https:\/\/gabriellampert.com.br\/?page_id=253"},"modified":"2024-10-14T16:03:36","modified_gmt":"2024-10-14T19:03:36","slug":"sobre","status":"publish","type":"page","link":"https:\/\/gabriellampert.com.br\/?page_id=253","title":{"rendered":"sobre mim"},"content":{"rendered":"\t\t<div data-elementor-type=\"wp-page\" data-elementor-id=\"253\" class=\"elementor elementor-253\" data-elementor-post-type=\"page\">\n\t\t\t\t<div class=\"elementor-element elementor-element-10772b9d e-flex e-con-boxed e-con e-parent\" data-id=\"10772b9d\" data-element_type=\"container\" data-settings=\"{&quot;background_background&quot;:&quot;classic&quot;}\">\n\t\t\t\t\t<div class=\"e-con-inner\">\n\t\t<div class=\"elementor-element elementor-element-51d25950 e-con-full e-flex elementor-invisible e-con e-child\" data-id=\"51d25950\" data-element_type=\"container\" data-settings=\"{&quot;animation&quot;:&quot;slideInRight&quot;}\">\n\t\t\t\t<div class=\"elementor-element elementor-element-778fd9f9 elementor-widget elementor-widget-image\" data-id=\"778fd9f9\" data-element_type=\"widget\" data-widget_type=\"image.default\">\n\t\t\t\t<div class=\"elementor-widget-container\">\n\t\t\t\t\t\t\t\t\t\t\t\t\t\t\t<img fetchpriority=\"high\" decoding=\"async\" width=\"800\" height=\"800\" src=\"https:\/\/gabriellampert.com.br\/wp-content\/uploads\/2024\/09\/2-1-1024x1024.png\" class=\"elementor-animation-push attachment-large size-large wp-image-242\" alt=\"\" srcset=\"https:\/\/gabriellampert.com.br\/wp-content\/uploads\/2024\/09\/2-1-1024x1024.png 1024w, https:\/\/gabriellampert.com.br\/wp-content\/uploads\/2024\/09\/2-1-300x300.png 300w, https:\/\/gabriellampert.com.br\/wp-content\/uploads\/2024\/09\/2-1-150x150.png 150w, https:\/\/gabriellampert.com.br\/wp-content\/uploads\/2024\/09\/2-1-768x768.png 768w, https:\/\/gabriellampert.com.br\/wp-content\/uploads\/2024\/09\/2-1-1536x1536.png 1536w, https:\/\/gabriellampert.com.br\/wp-content\/uploads\/2024\/09\/2-1.png 2000w\" sizes=\"(max-width: 800px) 100vw, 800px\" \/>\t\t\t\t\t\t\t\t\t\t\t\t\t\t\t<\/div>\n\t\t\t\t<\/div>\n\t\t\t\t<\/div>\n\t\t<div class=\"elementor-element elementor-element-4ccdc39b e-con-full e-flex elementor-invisible e-con e-child\" data-id=\"4ccdc39b\" data-element_type=\"container\" data-settings=\"{&quot;animation&quot;:&quot;slideInLeft&quot;}\">\n\t\t\t\t<div class=\"elementor-element elementor-element-6cc0dbdc elementor-widget__width-inherit elementor-widget-mobile__width-inherit elementor-widget elementor-widget-heading\" data-id=\"6cc0dbdc\" data-element_type=\"widget\" data-widget_type=\"heading.default\">\n\t\t\t\t<div class=\"elementor-widget-container\">\n\t\t\t\t\t<h2 class=\"elementor-heading-title elementor-size-default\">Quem \u00e9 Gabriel Lampert!<\/h2>\t\t\t\t<\/div>\n\t\t\t\t<\/div>\n\t\t<div class=\"elementor-element elementor-element-7696e872 e-flex e-con-boxed e-con e-child\" data-id=\"7696e872\" data-element_type=\"container\" data-settings=\"{&quot;background_background&quot;:&quot;gradient&quot;}\">\n\t\t\t\t\t<div class=\"e-con-inner\">\n\t\t\t\t<div class=\"elementor-element elementor-element-7f1c510 elementor-align-left elementor-icon-list--layout-traditional elementor-list-item-link-full_width elementor-widget elementor-widget-icon-list\" data-id=\"7f1c510\" data-element_type=\"widget\" data-widget_type=\"icon-list.default\">\n\t\t\t\t<div class=\"elementor-widget-container\">\n\t\t\t\t\t\t\t<ul class=\"elementor-icon-list-items\">\n\t\t\t\t\t\t\t<li class=\"elementor-icon-list-item\">\n\t\t\t\t\t\t\t\t\t\t\t<span class=\"elementor-icon-list-icon\">\n\t\t\t\t\t\t\t<i aria-hidden=\"true\" class=\"lnr lnr-chevron-right\"><\/i>\t\t\t\t\t\t<\/span>\n\t\t\t\t\t\t\t\t\t\t<span class=\"elementor-icon-list-text\"><p>Gabriel \u00e9 psic\u00f3logo especializado em promover o bem-estar emocional por meio de terapia e palestras focadas em solu\u00e7\u00f5es pr\u00e1ticas para os desafios da vida. Como especialista em Terapia Cognitivo-Comportamental (TCC), ele ajuda seus pacientes a identificar e transformar pensamentos e comportamentos que afetam sua qualidade de vida.<\/p><p>Oferecendo um espa\u00e7o acolhedor e confidencial, Gabriel foca no autoconhecimento e no crescimento pessoal de cada cliente. Ele trabalha com quest\u00f5es como ansiedade, depress\u00e3o, estresse e relacionamentos, sempre com empatia, \u00e9tica e profissionalismo.<\/p><\/span>\n\t\t\t\t\t\t\t\t\t<\/li>\n\t\t\t\t\t\t<\/ul>\n\t\t\t\t\t\t<\/div>\n\t\t\t\t<\/div>\n\t\t\t\t\t<\/div>\n\t\t\t\t<\/div>\n\t\t\t\t<\/div>\n\t\t\t\t\t<\/div>\n\t\t\t\t<\/div>\n\t\t<div class=\"elementor-element elementor-element-65fca216 e-flex e-con-boxed e-con e-parent\" data-id=\"65fca216\" data-element_type=\"container\" data-settings=\"{&quot;background_background&quot;:&quot;classic&quot;}\">\n\t\t\t\t\t<div class=\"e-con-inner\">\n\t\t\t\t<div class=\"elementor-element elementor-element-177938d7 elementor-invisible elementor-widget elementor-widget-text-editor\" data-id=\"177938d7\" data-element_type=\"widget\" data-settings=\"{&quot;_animation&quot;:&quot;fadeInDown&quot;,&quot;_animation_delay&quot;:500}\" data-widget_type=\"text-editor.default\">\n\t\t\t\t<div class=\"elementor-widget-container\">\n\t\t\t\t\t\t\t\t\t<p>Todos os direitos reservados \u00a9 2024 2025\u00a0<a href=\"https:\/\/www.instagram.com\/agenciaimperiomkt\/\">Ag\u00eancia Imp\u00e9rio Marketing Digital<\/a><\/p>\t\t\t\t\t\t\t\t<\/div>\n\t\t\t\t<\/div>\n\t\t\t\t<div class=\"elementor-element elementor-element-45632a3b elementor-align-center elementor-icon-list--layout-inline elementor-list-item-link-full_width elementor-invisible elementor-widget elementor-widget-icon-list\" data-id=\"45632a3b\" data-element_type=\"widget\" data-settings=\"{&quot;_animation&quot;:&quot;fadeInDown&quot;,&quot;_animation_delay&quot;:1000}\" data-widget_type=\"icon-list.default\">\n\t\t\t\t<div class=\"elementor-widget-container\">\n\t\t\t\t\t\t\t<ul class=\"elementor-icon-list-items elementor-inline-items\">\n\t\t\t\t\t\t\t<li class=\"elementor-icon-list-item elementor-inline-item\">\n\t\t\t\t\t\t\t\t\t\t\t<span class=\"elementor-icon-list-icon\">\n\t\t\t\t\t\t\t<svg aria-hidden=\"true\" class=\"e-font-icon-svg e-fas-map-marker-alt\" viewBox=\"0 0 384 512\" xmlns=\"http:\/\/www.w3.org\/2000\/svg\"><path d=\"M172.268 501.67C26.97 291.031 0 269.413 0 192 0 85.961 85.961 0 192 0s192 85.961 192 192c0 77.413-26.97 99.031-172.268 309.67-9.535 13.774-29.93 13.773-39.464 0zM192 272c44.183 0 80-35.817 80-80s-35.817-80-80-80-80 35.817-80 80 35.817 80 80 80z\"><\/path><\/svg>\t\t\t\t\t\t<\/span>\n\t\t\t\t\t\t\t\t\t\t<span class=\"elementor-icon-list-text\">R. Osvaldo Aranha,1930, Ferrovi\u00e1rio -  Montenegro - RS <\/span>\n\t\t\t\t\t\t\t\t\t<\/li>\n\t\t\t\t\t\t<\/ul>\n\t\t\t\t\t\t<\/div>\n\t\t\t\t<\/div>\n\t\t\t\t\t<\/div>\n\t\t\t\t<\/div>\n\t\t\t\t<\/div>\n\t\t","protected":false},"excerpt":{"rendered":"<p>Quem \u00e9 Gabriel Lampert! Gabriel \u00e9 psic\u00f3logo especializado em promover o bem-estar emocional por meio de terapia e palestras focadas em solu\u00e7\u00f5es pr\u00e1ticas para os desafios da vida. Como especialista em Terapia Cognitivo-Comportamental (TCC), ele ajuda seus pacientes a identificar e transformar pensamentos e comportamentos que afetam sua qualidade de vida. Oferecendo um espa\u00e7o acolhedor [&hellip;]<\/p>\n","protected":false},"author":1,"featured_media":0,"parent":0,"menu_order":0,"comment_status":"closed","ping_status":"closed","template":"","meta":{"footnotes":""},"class_list":["post-253","page","type-page","status-publish","hentry"],"_links":{"self":[{"href":"https:\/\/gabriellampert.com.br\/index.php?rest_route=\/wp\/v2\/pages\/253"}],"collection":[{"href":"https:\/\/gabriellampert.com.br\/index.php?rest_route=\/wp\/v2\/pages"}],"about":[{"href":"https:\/\/gabriellampert.com.br\/index.php?rest_route=\/wp\/v2\/types\/page"}],"author":[{"embeddable":true,"href":"https:\/\/gabriellampert.com.br\/index.php?rest_route=\/wp\/v2\/users\/1"}],"replies":[{"embeddable":true,"href":"https:\/\/gabriellampert.com.br\/index.php?rest_route=%2Fwp%2Fv2%2Fcomments&post=253"}],"version-history":[{"count":4,"href":"https:\/\/gabriellampert.com.br\/index.php?rest_route=\/wp\/v2\/pages\/253\/revisions"}],"predecessor-version":[{"id":432,"href":"https:\/\/gabriellampert.com.br\/index.php?rest_route=\/wp\/v2\/pages\/253\/revisions\/432"}],"wp:attachment":[{"href":"https:\/\/gabriellampert.com.br\/index.php?rest_route=%2Fwp%2Fv2%2Fmedia&parent=253"}],"curies":[{"name":"wp","href":"https:\/\/api.w.org\/{rel}","templated":true}]}}